{"id":190,"date":"2024-04-05T22:12:26","date_gmt":"2024-04-05T22:12:26","guid":{"rendered":"https:\/\/paginaswebenpuertovallarta.com\/?page_id=190"},"modified":"2026-01-16T22:39:08","modified_gmt":"2026-01-16T22:39:08","slug":"quienes-somos","status":"publish","type":"page","link":"https:\/\/paginaswebenpuertovallarta.com\/index.php\/quienes-somos\/","title":{"rendered":"\u00bfQui\u00e9nes Somos?"},"content":{"rendered":"\t\t<div data-elementor-type=\"wp-page\" data-elementor-id=\"190\" class=\"elementor elementor-190\" data-elementor-post-type=\"page\">\n\t\t\t\t<div class=\"elementor-element elementor-element-a2d5dcb e-con-full e-flex e-con e-parent\" data-id=\"a2d5dcb\" data-element_type=\"container\" data-e-type=\"container\" data-settings=\"{&quot;background_background&quot;:&quot;classic&quot;}\">\n\t\t<div class=\"elementor-element elementor-element-ee5f353 e-con-full e-flex e-con e-child\" data-id=\"ee5f353\" data-element_type=\"container\" data-e-type=\"container\">\n\t\t\t\t<div class=\"elementor-element elementor-element-6331054 elementor-widget elementor-widget-image\" data-id=\"6331054\" data-element_type=\"widget\" data-e-type=\"widget\" data-widget_type=\"image.default\">\n\t\t\t\t<div class=\"elementor-widget-container\">\n\t\t\t\t\t\t\t\t\t\t\t\t\t\t\t<img fetchpriority=\"high\" decoding=\"async\" width=\"682\" height=\"600\" src=\"https:\/\/paginaswebenpuertovallarta.com\/wp-content\/uploads\/2024\/04\/Imagenplay-logo.png\" class=\"attachment-full size-full wp-image-555\" alt=\"\" srcset=\"https:\/\/paginaswebenpuertovallarta.com\/wp-content\/uploads\/2024\/04\/Imagenplay-logo.png 682w, https:\/\/paginaswebenpuertovallarta.com\/wp-content\/uploads\/2024\/04\/Imagenplay-logo-300x264.png 300w\" sizes=\"(max-width: 682px) 100vw, 682px\" \/>\t\t\t\t\t\t\t\t\t\t\t\t\t\t\t<\/div>\n\t\t\t\t<\/div>\n\t\t\t\t<\/div>\n\t\t<div class=\"elementor-element elementor-element-1c93cca e-con-full e-flex e-con e-child\" data-id=\"1c93cca\" data-element_type=\"container\" data-e-type=\"container\" data-settings=\"{&quot;background_background&quot;:&quot;classic&quot;}\">\n\t\t\t\t<div class=\"elementor-element elementor-element-a497663 elementor-widget elementor-widget-heading\" data-id=\"a497663\" data-element_type=\"widget\" data-e-type=\"widget\" data-widget_type=\"heading.default\">\n\t\t\t\t<div class=\"elementor-widget-container\">\n\t\t\t\t\t<h2 class=\"elementor-heading-title elementor-size-default\">AGENCIA DE MARKETING DIGITAL CON BASE EN PUERTO VALLARTA M\u00c9XICO<\/h2>\t\t\t\t<\/div>\n\t\t\t\t<\/div>\n\t\t\t\t<div class=\"elementor-element elementor-element-717e351 elementor-widget elementor-widget-text-editor\" data-id=\"717e351\" data-element_type=\"widget\" data-e-type=\"widget\" data-widget_type=\"text-editor.default\">\n\t\t\t\t<div class=\"elementor-widget-container\">\n\t\t\t\t\t\t\t\t\t<p>Imagenplay se posiciona como una Agencia de Marketing Digital y Manejo de Redes Sociales enfocada en ayudar al crecimiento de Emprendedores y Due\u00f1os de Empresas.<\/p><p>Te ayudamos a obtener m\u00e1s ventas creando Estrategias en Medios Digitales como Redes Sociales, Campa\u00f1as de Facebook Ads, Campa\u00f1as de Google Ads, Dise\u00f1o de Sitios Web, Creaci\u00f3n de Contenido para Marca Personal, todo esto para posicionar tu negocio en los ojos de clientes potenciales.<\/p>\t\t\t\t\t\t\t\t<\/div>\n\t\t\t\t<\/div>\n\t\t\t\t<div class=\"elementor-element elementor-element-29fd894 elementor-widget elementor-widget-text-editor\" data-id=\"29fd894\" data-element_type=\"widget\" data-e-type=\"widget\" data-widget_type=\"text-editor.default\">\n\t\t\t\t<div class=\"elementor-widget-container\">\n\t\t\t\t\t\t\t\t\t<p>PROVEEMOS SERVICIOS PROFESIONALES DE FOTOGRAF\u00cdA Y VIDEO EN PUERTO VALLARTA.<\/p>\t\t\t\t\t\t\t\t<\/div>\n\t\t\t\t<\/div>\n\t\t\t\t<div class=\"elementor-element elementor-element-b475589 elementor-align-center elementor-mobile-align-center elementor-widget elementor-widget-button\" data-id=\"b475589\" data-element_type=\"widget\" data-e-type=\"widget\" data-widget_type=\"button.default\">\n\t\t\t\t<div class=\"elementor-widget-container\">\n\t\t\t\t\t\t\t\t\t<div class=\"elementor-button-wrapper\">\n\t\t\t\t\t<a class=\"elementor-button elementor-button-link elementor-size-sm elementor-animation-grow\" href=\"http:\/\/imagenplay.com\/\">\n\t\t\t\t\t\t<span class=\"elementor-button-content-wrapper\">\n\t\t\t\t\t\t<span class=\"elementor-button-icon\">\n\t\t\t\t<svg aria-hidden=\"true\" class=\"e-font-icon-svg e-far-play-circle\" viewBox=\"0 0 512 512\" xmlns=\"http:\/\/www.w3.org\/2000\/svg\"><path d=\"M371.7 238l-176-107c-15.8-8.8-35.7 2.5-35.7 21v208c0 18.4 19.8 29.8 35.7 21l176-101c16.4-9.1 16.4-32.8 0-42zM504 256C504 119 393 8 256 8S8 119 8 256s111 248 248 248 248-111 248-248zm-448 0c0-110.5 89.5-200 200-200s200 89.5 200 200-89.5 200-200 200S56 366.5 56 256z\"><\/path><\/svg>\t\t\t<\/span>\n\t\t\t\t\t\t\t\t\t<span class=\"elementor-button-text\">Conoce m\u00e1s de Nosotros<\/span>\n\t\t\t\t\t<\/span>\n\t\t\t\t\t<\/a>\n\t\t\t\t<\/div>\n\t\t\t\t\t\t\t\t<\/div>\n\t\t\t\t<\/div>\n\t\t\t\t<\/div>\n\t\t\t\t<\/div>\n\t\t\t\t<\/div>\n\t\t","protected":false},"excerpt":{"rendered":"<p>AGENCIA DE MARKETING DIGITAL CON BASE EN PUERTO VALLARTA M\u00c9XICO Imagenplay se posiciona como una Agencia de Marketing Digital y Manejo de Redes Sociales enfocada en ayudar al crecimiento de Emprendedores y Due\u00f1os de Empresas. Te ayudamos a obtener m\u00e1s ventas creando Estrategias en Medios Digitales como Redes Sociales, Campa\u00f1as de Facebook Ads, Campa\u00f1as de [&hellip;]<\/p>\n","protected":false},"author":1,"featured_media":0,"parent":0,"menu_order":0,"comment_status":"closed","ping_status":"closed","template":"elementor_header_footer","meta":{"footnotes":""},"class_list":["post-190","page","type-page","status-publish","hentry"],"_links":{"self":[{"href":"https:\/\/paginaswebenpuertovallarta.com\/index.php\/wp-json\/wp\/v2\/pages\/190","targetHints":{"allow":["GET"]}}],"collection":[{"href":"https:\/\/paginaswebenpuertovallarta.com\/index.php\/wp-json\/wp\/v2\/pages"}],"about":[{"href":"https:\/\/paginaswebenpuertovallarta.com\/index.php\/wp-json\/wp\/v2\/types\/page"}],"author":[{"embeddable":true,"href":"https:\/\/paginaswebenpuertovallarta.com\/index.php\/wp-json\/wp\/v2\/users\/1"}],"replies":[{"embeddable":true,"href":"https:\/\/paginaswebenpuertovallarta.com\/index.php\/wp-json\/wp\/v2\/comments?post=190"}],"version-history":[{"count":22,"href":"https:\/\/paginaswebenpuertovallarta.com\/index.php\/wp-json\/wp\/v2\/pages\/190\/revisions"}],"predecessor-version":[{"id":1249,"href":"https:\/\/paginaswebenpuertovallarta.com\/index.php\/wp-json\/wp\/v2\/pages\/190\/revisions\/1249"}],"wp:attachment":[{"href":"https:\/\/paginaswebenpuertovallarta.com\/index.php\/wp-json\/wp\/v2\/media?parent=190"}],"curies":[{"name":"wp","href":"https:\/\/api.w.org\/{rel}","templated":true}]}}